{"id":100,"date":"2020-11-11T03:57:00","date_gmt":"2020-11-11T02:57:00","guid":{"rendered":"http:\/\/adomode.net\/informations\/?page_id=100"},"modified":"2020-12-01T04:28:37","modified_gmt":"2020-12-01T03:28:37","slug":"adolescentes-moins-de-16-ans","status":"publish","type":"page","link":"http:\/\/adomode.net\/informations\/adolescentes-moins-de-16-ans\/","title":{"rendered":"Adolescentes de Moins de 16 Ans"},"content":{"rendered":"\n<p><span style=\"font-size:12pt;\">Depuis 2014, il est interdit d\u2019organiser des concours de beaut\u00e9 pour les moins de 15 ans.<br>\n&nbsp;<br>\nDans le mannequinat, on est consid\u00e9r\u00e9 comme une personne adulte \u00e0 partir de 16 ans.<br>\nC\u2019est pour cette raison que certaines ados se retrouvent dans la cat\u00e9gorie < Mannequins Adultes > des agences de mannequins.<br>\n&nbsp;<br>\nAdoMode.net informe r\u00e9guli\u00e8rement de concours pour des ados de 16 et 17 ans.<br>\n&nbsp;<br>\n<i>Si vous faites moins de 1m65 \u00e0 15 ans, il y a vraiment tr\u00e8s tr\u00e8s peu d&#8217;espoir que vous deveniez mannequin pro par la suite, mais il est quand m\u00eame possible d&#8217;\u00eatre mod\u00e8le photo (loisir ou exp\u00e9riment\u00e9e).<\/i><br>\n&nbsp;<br>\n&nbsp;<br>\n<strong>Comment faire pour aider de jeunes filles, qui ont 14\/15 ans et qui esp\u00e8rent devenir mannequins !? <\/strong><br>\n&nbsp;<br>\n1 : Lire les informations donn\u00e9es sur notre site internet afin de ne pas faire d&#8217;erreurs, etc&#8230;<br>\n&nbsp;<br>\n2 : Communiquer ensemble (parents compris) pour \u00e9tudier le potentiel de l\u2019adolescente. Il suffit de prendre <strong><a href=\"http:\/\/www.adomode.net\/informations\/contacts\/\"><font color=\"#F79CD2\">contact<\/font><\/a><\/strong>.<br>\n&nbsp;<br>\n3 : Contacter nos <strong><a href=\"http:\/\/www.adomode.net\/informations\/photographes\/\"><font color=\"#F79CD2\">photographes partenaires<\/font><\/a><\/strong> afin de vous faire de l\u2019exp\u00e9rience en shooting et d\u2019avoir des conseils.<br>\n&nbsp;<br>\n4 : Participer \u00e0 une <strong><a href=\"http:\/\/adomode.net\/informations\/rencontres-adomode\/\"><font color=\"#F79CD2\">Rencontre AdoMode<\/font><\/a><\/strong>, afin d\u2019avoir des conseils et des photos lors d\u2019une petite s\u00e9ance photo.<\/p>\n<p>&nbsp;<\/p>\n&nbsp;<br \/>\nSi gr\u00e2ce \u00e0 AdoMode, vous avez par la suite une r\u00e9ussite : vous pouvez nous le faire savoir !<br \/>\nNous les avons aid\u00e9 : <strong><a href=\"http:\/\/www.adomode.net\/informations\/reussites\/mannequins\/\"><font color=\"#F79CD2\">Mannequins<\/font><\/a><\/strong> ou <strong><a href=\"http:\/\/www.adomode.net\/informations\/reussites\/ambassadrices\/\"><font color=\"#F79CD2\">Ambassadrices<\/font><\/a><\/strong>.<br \/>\n&nbsp;<br \/>\n&nbsp;<br \/>\n ","protected":false},"excerpt":{"rendered":"<p>Depuis 2014, il est interdit d\u2019organiser des concours de beaut\u00e9 pour les moins de 15 ans. &nbsp; Dans le mannequinat, on est consid\u00e9r\u00e9 comme une personne adulte \u00e0 partir de 16 ans. C\u2019est pour cette raison que certaines ados se retrouvent dans la cat\u00e9gorie < Mannequins Adultes > des agences de mannequins. &nbsp; AdoMode.net informe &hellip; <\/p>\n","protected":false},"author":1,"featured_media":0,"parent":0,"menu_order":0,"comment_status":"closed","ping_status":"closed","template":"","meta":[],"_links":{"self":[{"href":"http:\/\/adomode.net\/informations\/wp-json\/wp\/v2\/pages\/100"}],"collection":[{"href":"http:\/\/adomode.net\/informations\/wp-json\/wp\/v2\/pages"}],"about":[{"href":"http:\/\/adomode.net\/informations\/wp-json\/wp\/v2\/types\/page"}],"author":[{"embeddable":true,"href":"http:\/\/adomode.net\/informations\/wp-json\/wp\/v2\/users\/1"}],"replies":[{"embeddable":true,"href":"http:\/\/adomode.net\/informations\/wp-json\/wp\/v2\/comments?post=100"}],"version-history":[{"count":15,"href":"http:\/\/adomode.net\/informations\/wp-json\/wp\/v2\/pages\/100\/revisions"}],"predecessor-version":[{"id":683,"href":"http:\/\/adomode.net\/informations\/wp-json\/wp\/v2\/pages\/100\/revisions\/683"}],"wp:attachment":[{"href":"http:\/\/adomode.net\/informations\/wp-json\/wp\/v2\/media?parent=100"}],"curies":[{"name":"wp","href":"https:\/\/api.w.org\/{rel}","templated":true}]}}