{"id":110,"date":"2020-11-11T04:50:05","date_gmt":"2020-11-11T03:50:05","guid":{"rendered":"http:\/\/adomode.net\/informations\/?page_id=110"},"modified":"2020-12-03T17:17:36","modified_gmt":"2020-12-03T16:17:36","slug":"castings-et-elections-de-miss","status":"publish","type":"page","link":"http:\/\/adomode.net\/informations\/castings-et-elections-de-miss\/","title":{"rendered":"Castings et \u00c9lections de Miss"},"content":{"rendered":"<p>AdoMode annonce des informations de castings et d&#8217;\u00e9lections de Miss dans sa <a href=\"https:\/\/www.facebook.com\/AdoModeFr\" target=\"_blank\" rel=\"noopener noreferrer\"><strong>page Facebook<\/strong><\/a>, et vous pouvez aimer la page afin de nous suivre !<\/p>\n<p>De temps en temps, il est m\u00eame possible de vous pr\u00e9senter des <strong><a href=\"http:\/\/adomode.net\/informations\/reportages\/\" target=\"_blank\" rel=\"noopener noreferrer\">Reportages<\/a><\/strong> dans la partie concern\u00e9e du site.<\/p>\n<p>Pour participer \u00e0 une \u00e9lection de Miss, contrairement \u00e0 un concours de mannequins : Il est normal de payer pour s&#8217;inscrire car l&#8217;association doit payer diff\u00e9rents frais (pour le spectacle et les cadeaux). Le fonctionnement est identique aux associations de danses qui proposent des spectacles durant l&#8217;ann\u00e9e.<\/p>\n<p>\u00a0<\/p>\n\n\n<hr class=\"wp-block-separator\"\/>\n\n\n\n<span style=\"font-size:13pt;\"><u>Voici des associations qui acceptent des mineures<\/u> :<\/span><br \/>\n&nbsp;<br \/>\n<span style=\"font-size:13pt;\"><strong>Angel Beaut\u00e9 France<\/strong> &#8211;  <strong><a href=\"https:\/\/www.comiteangelbeautefrance.com\" target=\"_blank\" rel=\"noopener noreferrer\">comiteangelbeautefrance.com<\/a><\/strong><br \/>\nCe comit\u00e9 existe depuis 2019 sous ce nom, et leurs concours de beaut\u00e9 sont  ouverts aux jeunes femmes de 17 \u00e0 23 ans, sans autres crit\u00e8res (tout est accept\u00e9!).<br \/>\n&nbsp;<br \/>\n<span style=\"font-size:13pt;\"><strong>Artistes et Mod\u00e8les en Seine<\/strong> &#8211; dans la Seine-Maritime (76). <strong><a href=\"https:\/\/www.facebook.com\/Artistes-et-Mod%C3%A8les-en-Seine-131770587342\/\" target=\"_blank\" rel=\"noopener noreferrer\">Page Facebook<\/a><\/strong><br \/>\nL&#8217;association organise des spectacles et des \u00e9v\u00e8nements. Elle fait du coaching d\u2019artistes et de mod\u00e8les.<br \/>\nLes ados (\u00e0 partir de 13ans et apr\u00e8s \u00e9valuation du degr\u00e9 de maturit\u00e9) peuvent participer \u00e0 des \u00e9v\u00e8nements.<br \/>\nL&#8217;association organise un concours sp\u00e9cifique pour les jeunes filles, qui s&#8217;appelle Miss Espoir de France.<br \/>\n&nbsp;<br \/>\n<span style=\"font-size:13pt;\"><strong>Les P&#8217;tites Normandes<\/strong> &#8211; <strong><a href=\"http:\/\/www.miss-petite-universe-france.com\" target=\"_blank\" rel=\"noopener noreferrer\">www.miss-petite-universe-france.com<\/a><\/strong><\/span><br \/>\nL&#8217;association a \u00e9t\u00e9 cr\u00e9\u00e9 en 2020. Elle organise les \u00e9lections de Miss Teen Petite Universe France et de Miss Petite Universe France.\nLes 2 concours sont ouverts aux jeunes femmes de moins de 1m70. Le concours de Miss Teen Petite Universe France est accessible pour les jeunes ag\u00e9es de 14 et 19 ans.<br \/>\n&nbsp;<br \/>\n<span style=\"font-size:13pt;\"><strong>Mademoiselle<\/strong> &#8211; Comit\u00e9 Mademoiselle France. <strong><a href=\"https:\/\/www.facebook.com\/mllefranceoff\" target=\"_blank\" rel=\"noopener noreferrer\">Page Facebook<\/a><\/strong><br \/>\nL&#8217;association Mademoiselle g\u00e8re depuis 2019 le comit\u00e9 Mademoiselle France qui propose un concours de beaut\u00e9 pour les jeunes de 16 \u00e0 21 ans souhaitant devenir les ambassadrices de l&#8217;\u00e9l\u00e9gance et de la f\u00e9minit\u00e9.\nDurant leur ann\u00e9e de r\u00e8gne, les titr\u00e9es ont l\u2019occasion de participer \u00e0 des manifestations culturelles, des d\u00e9fil\u00e9s et de faire de belles rencontres. Le comit\u00e9 Mademoiselle France est fond\u00e9 en 2008 par Alicia Mermet. Elle a repris le flambeau des concours de beaut\u00e9 pour mineures, apr\u00e8s l&#8217;arr\u00eat des \u00e9lections Miss Junior par le comit\u00e9 Miss France qui \u00e9t\u00e9 g\u00e9r\u00e9 par Mme de Fontenay. Alicia Mermet est d&#8217;ailleurs une ancienne Miss Junior. A l&#8217;origine, l&#8217;\u00e9lection de Mademoiselle France \u00e9tait ouverte uniquement aux filles \u00e2g\u00e9es de 15 \u00e0 17 ans.<br \/>\n&nbsp;<br \/>\n<span style=\"font-size:13pt;\"><strong>Miss Hippodrome France<\/strong> &#8211; en partenariat avec des hippodromes. <strong><a href=\"https:\/\/www.facebook.com\/misshippodromefrance\/\" target=\"_blank\" rel=\"noopener noreferrer\">Page Facebook<\/a><\/strong><br \/>\nCe concours de beaut\u00e9 est ouvert aux femmes de 17 \u00e0 28 ans sans crit\u00e8res de taille, non mari\u00e9es, non pacs\u00e9es, ni divorc\u00e9es et sans enfants. Les concours se d\u00e9roulent uniquement sur les hippodromes o\u00f9 chaque Miss est qualifi\u00e9e pour la finale Miss Hippodrome France.<br \/>\n&nbsp;<br \/>\n<span style=\"font-size:13pt;\"><strong>Miss Teenager<\/strong> &#8211; <strong><a href=\"http:\/\/www.miss-teenager.com\" target=\"_blank\" rel=\"noopener noreferrer\">www.miss-teenager.com<\/a><\/strong><\/span><br \/>\nL&#8217;association organise des concours de beaut\u00e9 et d\u2019\u00e9l\u00e9gance. Elle permet aux adolescentes de 13 \u00e0 17ans de se pr\u00e9senter et de concourir au titre final de Miss Teenager France. L&#8217;association met ainsi en place des \u00e9lections en r\u00e9gions afin de pr\u00e9parer l\u2019\u00e9lection nationale de Miss Teenager France.<br \/>\n&nbsp;<br \/>\n<span style=\"font-size:13pt;\"><strong>O&#8217;coeur de la Mode<\/strong> &#8211; Comit\u00e9 Miss 15\/17 National. <strong><a href=\"https:\/\/www.facebook.com\/miss1517national\/\" target=\"_blank\" rel=\"noopener noreferrer\">Page Facebook<\/a><\/strong><br \/>\nL&#8217;association permet depuis 2012 \u00e0 des adolescentes de 15 \u00e0 17ans (mesurant 1m50 au minimum) de se pr\u00e9senter \u00e0 des \u00e9lections locales et r\u00e9gionales, puis de concourir au titre final de Miss 15\/17 National. Cette association permet \u00e0 de jeunes filles de prendre confiance en elles ; et par la suite, elles peuvent concourir \u00e0 d&#8217;autres concours, par exemple pour devenir Miss France.<br \/>\n&nbsp;<br \/>\n\n\n\n<hr class=\"wp-block-separator\"\/>\n\n\n<p><em>Si vous avez une information \u00e0 nous faire connaitre : Merci de nous contacter !<\/em><\/p>\n<p><em>Dans cette page, il n&#8217;est pas possible d&#8217;ajouter tous les comit\u00e9s affili\u00e9s \u00e0 d&#8217;autres associations. Par cons\u00e9quence, il faut voir ensuite aupr\u00e8s des associations list\u00e9es afin d&#8217;avoir les informations au niveau des d\u00e9partements et des r\u00e9gions.<\/em><\/p>\n<p><em>Si un comit\u00e9 affili\u00e9 veut un partenariat avec AdoMode = Le comite est ajout\u00e9 dans cette page et la page <a href=\"http:\/\/www.adomode.net\/informations\/partenaires\/\"><strong>Partenaires<\/strong><\/a>.<\/em><\/p>\n\n\n&nbsp;<br>\nSi gr\u00e2ce \u00e0 AdoMode, vous avez par la suite une r\u00e9ussite : vous pouvez nous le faire savoir !<br>\nNous les avons aid\u00e9 : <strong><a href=\"http:\/\/www.adomode.net\/informations\/reussites\/mannequins\/\"><font color=\"#F79CD2\">Mannequins<\/font><\/a><\/strong> ou <strong><a href=\"http:\/\/www.adomode.net\/informations\/reussites\/ambassadrices\/\"><font color=\"#F79CD2\">Ambassadrices<\/font><\/a><\/strong>.<br>\n&nbsp;<br>\n&nbsp;<br>\n ","protected":false},"excerpt":{"rendered":"<p>AdoMode annonce des informations de castings et d&#8217;\u00e9lections de Miss dans sa page Facebook, et vous pouvez aimer la page afin de nous suivre ! De temps en temps, il est m\u00eame possible de vous pr\u00e9senter des Reportages dans la partie concern\u00e9e du site. Pour participer \u00e0 une \u00e9lection de Miss, contrairement \u00e0 un concours &hellip; <\/p>\n","protected":false},"author":1,"featured_media":0,"parent":0,"menu_order":0,"comment_status":"closed","ping_status":"closed","template":"","meta":[],"_links":{"self":[{"href":"http:\/\/adomode.net\/informations\/wp-json\/wp\/v2\/pages\/110"}],"collection":[{"href":"http:\/\/adomode.net\/informations\/wp-json\/wp\/v2\/pages"}],"about":[{"href":"http:\/\/adomode.net\/informations\/wp-json\/wp\/v2\/types\/page"}],"author":[{"embeddable":true,"href":"http:\/\/adomode.net\/informations\/wp-json\/wp\/v2\/users\/1"}],"replies":[{"embeddable":true,"href":"http:\/\/adomode.net\/informations\/wp-json\/wp\/v2\/comments?post=110"}],"version-history":[{"count":33,"href":"http:\/\/adomode.net\/informations\/wp-json\/wp\/v2\/pages\/110\/revisions"}],"predecessor-version":[{"id":1053,"href":"http:\/\/adomode.net\/informations\/wp-json\/wp\/v2\/pages\/110\/revisions\/1053"}],"wp:attachment":[{"href":"http:\/\/adomode.net\/informations\/wp-json\/wp\/v2\/media?parent=110"}],"curies":[{"name":"wp","href":"https:\/\/api.w.org\/{rel}","templated":true}]}}