{"id":123,"date":"2020-11-11T05:41:12","date_gmt":"2020-11-11T04:41:12","guid":{"rendered":"http:\/\/adomode.net\/informations\/?page_id=123"},"modified":"2020-12-02T21:06:24","modified_gmt":"2020-12-02T20:06:24","slug":"attention-aux-arnaques","status":"publish","type":"page","link":"http:\/\/adomode.net\/informations\/attention-aux-arnaques\/","title":{"rendered":"Attention aux Arnaques"},"content":{"rendered":"\n<p>N&#8217;h\u00e9sitez pas \u00e0 nous \u00e9crire si vous avez un doute sur une personne !<br \/>\n&nbsp;\n&nbsp;<br \/>\nIl y a des personnes qui sont plus malines que d&#8217;autres, et qui par exemple utilisent le nom d&#8217;une agence de mannequins, vous pr\u00e9sentent le vrai site internet de l&#8217;agence, mais n&#8217;y travaillent pas en r\u00e9alit\u00e9&#8230;<br \/>\nUn petit conseil par rapport \u00e0 cela : Contactez toujours l&#8217;agence afin d&#8217;avoir la confirmation sur votre contact. Veuillez bien indiquer le nom, le pr\u00e9nom, et surtout l&#8217;adresse e-mail si vous l&#8217;avez. Vous pouvez indiquer le profil Facebook, aussi.<br \/>\n&nbsp;<br \/>\nIl y a des personnes qui utilisent de fausses identit\u00e9s avec un pr\u00e9nom f\u00e9minin, alors que ce sont des hommes&#8230;<br \/>\n&nbsp;<br \/>\nIl y a des personnes qui utilisent des adresses e-mail qui peuvent \u00eatre trompeuses.<br \/>\nEn principe, un e-mail pro est du style prenomnom@nomagence.fr ou contact@nomagence.fr, et non pas d&#8217;une adresse qui est du style nomagence@gmail.com car n&#8217;importe qui peut cr\u00e9er cette adresse&#8230;<br \/>\n<i>(Remarque : Bien s\u00fbr qu&#8217;il est possible d&#8217;avoir une adresse e-mail avec par exemple gmail, afin de recevoir -en redirection- des messages d&#8217;une adresse pro, mais on n&#8217;indique jamais directement cette adresse gmail qui fait amateur. Pour info, \u00e7a peut couter moins de 5\u20ac d&#8217;avoir une adresse pro, donc pourquoi ne pas en profiter !?&#8230;)<\/i><br \/>\n&nbsp;<br \/>\n&nbsp;<br \/>\n<span style=\"font-size:13pt;\"><u>Voici 3 groupes et une page Facebook que nous vous conseillons qui peuvent vous aider<\/u> :<\/span>\n&nbsp;\n<ul>\n<li><a href=\"https:\/\/www.facebook.com\/groups\/530023927066258\" target=\"_blank\" rel=\"noopener noreferrer\"><font color=\"#F79CD2\">Fauxtographes &#8211; Fakes &#8211; Arnaques &#8211; Faux Plans<\/font><\/a><\/li>\n<li><a href=\"https:\/\/www.facebook.com\/groups\/993958770620555\" target=\"_blank\" rel=\"noopener noreferrer\"><font color=\"#F79CD2\">ENQUETES li\u00e9es \u00e0 la Photographie, la Mode et le Mannequinat<\/font><\/a><\/li>\n<li><a href=\"https:\/\/www.facebook.com\/groups\/les.arnaques.du.spectacle\" target=\"_blank\" rel=\"noopener noreferrer\"><font color=\"#F79CD2\">Les Arnaques du Spectacle (Tv-Th\u00e9\u00e2tre-Publicit\u00e9-Mode-Cin\u00e9ma-Photo-etc)<\/font><\/a><\/li>\n<li><a href=\"https:\/\/www.facebook.com\/Mauvaises-Exp%C3%A9riences-dans-la-Mode-le-Mannequinat-et-la-Photographie-384505725045834\/\" target=\"_blank\" rel=\"noopener noreferrer\"><font color=\"#F79CD2\">Mauvaises Exp\u00e9riences dans la Mode, le Mannequinat et la Photographie<\/font><\/a><\/li>\n<\/ul>\n<br \/><\/p>\nSi gr\u00e2ce \u00e0 AdoMode, vous avez par la suite une r\u00e9ussite : vous pouvez nous le faire savoir !<br \/>\nNous les avons aid\u00e9 : <strong><a href=\"http:\/\/www.adomode.net\/informations\/reussites\/mannequins\/\"><font color=\"#F79CD2\">Mannequins<\/font><\/a><\/strong> ou <strong><a href=\"http:\/\/www.adomode.net\/informations\/reussites\/ambassadrices\/\"><font color=\"#F79CD2\">Ambassadrices<\/font><\/a><\/strong>.<br \/>\n&nbsp;<br \/>\n&nbsp;<br \/>\n ","protected":false},"excerpt":{"rendered":"<p>N&#8217;h\u00e9sitez pas \u00e0 nous \u00e9crire si vous avez un doute sur une personne ! &nbsp; &nbsp; Il y a des personnes qui sont plus malines que d&#8217;autres, et qui par exemple utilisent le nom d&#8217;une agence de mannequins, vous pr\u00e9sentent le vrai site internet de l&#8217;agence, mais n&#8217;y travaillent pas en r\u00e9alit\u00e9&#8230; Un petit conseil &hellip; <\/p>\n","protected":false},"author":1,"featured_media":0,"parent":0,"menu_order":0,"comment_status":"closed","ping_status":"closed","template":"","meta":[],"_links":{"self":[{"href":"http:\/\/adomode.net\/informations\/wp-json\/wp\/v2\/pages\/123"}],"collection":[{"href":"http:\/\/adomode.net\/informations\/wp-json\/wp\/v2\/pages"}],"about":[{"href":"http:\/\/adomode.net\/informations\/wp-json\/wp\/v2\/types\/page"}],"author":[{"embeddable":true,"href":"http:\/\/adomode.net\/informations\/wp-json\/wp\/v2\/users\/1"}],"replies":[{"embeddable":true,"href":"http:\/\/adomode.net\/informations\/wp-json\/wp\/v2\/comments?post=123"}],"version-history":[{"count":30,"href":"http:\/\/adomode.net\/informations\/wp-json\/wp\/v2\/pages\/123\/revisions"}],"predecessor-version":[{"id":931,"href":"http:\/\/adomode.net\/informations\/wp-json\/wp\/v2\/pages\/123\/revisions\/931"}],"wp:attachment":[{"href":"http:\/\/adomode.net\/informations\/wp-json\/wp\/v2\/media?parent=123"}],"curies":[{"name":"wp","href":"https:\/\/api.w.org\/{rel}","templated":true}]}}