{"id":15,"date":"2020-11-10T21:50:06","date_gmt":"2020-11-10T20:50:06","guid":{"rendered":"http:\/\/adomode.net\/informations\/index.php\/home\/"},"modified":"2020-12-03T04:09:33","modified_gmt":"2020-12-03T03:09:33","slug":"home","status":"publish","type":"page","link":"http:\/\/adomode.net\/informations\/","title":{"rendered":"Bienvenue !"},"content":{"rendered":"\n<p><span style=\"font-size:12pt;\">AdoMode.net est un site internet qui se veut utile pour les ados souhaitant \u00e9voluer dans la Photographie, la Mode, le Mannequinat et les Concours (de Miss et autres concours).<br> &nbsp;<br> Notre \u00e9quipe est \u00e0 l\u2019\u00e9coute des adolescents et de leurs parents qui souhaitent une aide et des conseils.<br> &nbsp;<br> En cas de besoin, vous pouvez nous contacter.<br> &nbsp;<br> Notre site internet est \u00e0 votre disposition pour diverses informations.<br> Vous pouvez y lire des t\u00e9moignages, vous renseigner pour des concours, etc&#8230;<br>\n&nbsp;<br>\nAfin de prouver que nous avons \u00e9t\u00e9 utile depuis 2012, il y a une nouvelle partie dans ce site, afin de lister des personnes que nous avons aid\u00e9, que \u00e7a soit par une petite ou une grande aide.<br>\n<strong>R\u00e9ussites :<\/strong> <strong><a href=\"http:\/\/www.adomode.net\/informations\/reussites\/mannequins\/\"><font color=\"#F79CD2\">Mannequins<\/font><\/a><\/strong> ou <strong><a href=\"http:\/\/www.adomode.net\/informations\/reussites\/ambassadrices\/\"><font color=\"#F79CD2\">Ambassadrices<\/font><\/a><\/strong>.\n&nbsp;<br>\nSi gr\u00e2ce \u00e0 AdoMode, vous avez par la suite une r\u00e9ussite : vous pouvez nous le faire savoir !<br>\n&nbsp;<br>\nVous pouvez contacter des <strong><a href=\"http:\/\/www.adomode.net\/informations\/photographes\/\"><font color=\"#F79CD2\">photographes partenaires<\/font><\/a><\/strong> pour vous r\u00e9aliser des photos.<br>\n&nbsp;<br>\n&nbsp;<br>\nSi vous \u00eates une soci\u00e9t\u00e9 ou une association et que vous proposez un casting :<br> nous pouvons diffuser l\u2019information sur Facebook, ainsi qu\u2019aupr\u00e8s de nos contacts.<br> (Nous ne faisons rien payer, mais en \u00e9change, vous pouvez nous faire de la publicit\u00e9.)<br>\n&nbsp;<br>\n&nbsp;<br>\n<em>Fin 2020, le site internet de AdoMode a \u00e9t\u00e9 refait de A \u00e0 Z, afin d&#8217;avoir une nouvelle et meilleure pr\u00e9sentation.<br>\nL&#8217;ancienne version a obtenu plus de 120 000 visites et plus de 350 000 pages vues.<\/em><\/span><\/p>\n&nbsp;<br>\n  <div class=\"otw-row\"><\/div>","protected":false},"excerpt":{"rendered":"<p>AdoMode.net est un site internet qui se veut utile pour les ados souhaitant \u00e9voluer dans la Photographie, la Mode, le Mannequinat et les Concours (de Miss et autres concours). &nbsp; Notre \u00e9quipe est \u00e0 l\u2019\u00e9coute des adolescents et de leurs parents qui souhaitent une aide et des conseils. &nbsp; En cas de besoin, vous pouvez &hellip; <\/p>\n","protected":false},"author":1,"featured_media":0,"parent":0,"menu_order":0,"comment_status":"closed","ping_status":"closed","template":"","meta":[],"_links":{"self":[{"href":"http:\/\/adomode.net\/informations\/wp-json\/wp\/v2\/pages\/15"}],"collection":[{"href":"http:\/\/adomode.net\/informations\/wp-json\/wp\/v2\/pages"}],"about":[{"href":"http:\/\/adomode.net\/informations\/wp-json\/wp\/v2\/types\/page"}],"author":[{"embeddable":true,"href":"http:\/\/adomode.net\/informations\/wp-json\/wp\/v2\/users\/1"}],"replies":[{"embeddable":true,"href":"http:\/\/adomode.net\/informations\/wp-json\/wp\/v2\/comments?post=15"}],"version-history":[{"count":28,"href":"http:\/\/adomode.net\/informations\/wp-json\/wp\/v2\/pages\/15\/revisions"}],"predecessor-version":[{"id":1006,"href":"http:\/\/adomode.net\/informations\/wp-json\/wp\/v2\/pages\/15\/revisions\/1006"}],"wp:attachment":[{"href":"http:\/\/adomode.net\/informations\/wp-json\/wp\/v2\/media?parent=15"}],"curies":[{"name":"wp","href":"https:\/\/api.w.org\/{rel}","templated":true}]}}