{"id":25,"date":"2020-11-10T23:19:01","date_gmt":"2020-11-10T22:19:01","guid":{"rendered":"http:\/\/adomode.net\/informations\/?page_id=25"},"modified":"2020-12-02T23:03:44","modified_gmt":"2020-12-02T22:03:44","slug":"agences-et-associations","status":"publish","type":"page","link":"http:\/\/adomode.net\/informations\/agences-et-associations\/","title":{"rendered":"Agences et Associations"},"content":{"rendered":"\n<p>Sur cette page, nous pr\u00e9sentons des agences de mannequins et des associations qui peuvent g\u00e9rer des ados.<br \/>\n&nbsp;<br \/>\n&nbsp;<br \/>\n<u>Avant propos<\/u> :<br \/>\nSi vous contactez une agence de mannequins qui n&#8217;est pas mentionn\u00e9e sur cette page, v\u00e9rifiez bien que l&#8217;agence dispose de toutes les autorisations indispensables \u00e0 l&#8217;exercice de l&#8217;activit\u00e9, \u00e0 savoir la Licence et l&#8217;Agr\u00e9ment.<br \/>\n<em>(Vous pouvez nous contacter pour vous aider \u00e0 v\u00e9rifier !)<\/em><br \/>\nUne soci\u00e9t\u00e9 a l&#8217;obligation de les poss\u00e9der car elle propose du travail r\u00e9mun\u00e9r\u00e9 \u00e0 des personnes mineures.<br \/>\nUne association n&#8217;a pas cette obligation car il s&#8217;agit d&#8217;une activit\u00e9 \u00e0 but non lucratif et \u00e7a fonctionne comme pour des associations sportives (clubs).<br \/>\n&nbsp;<br \/>\n&nbsp;<br \/>\n\n\n\n<hr class=\"wp-block-separator\"\/>\n\n\n\n<span style=\"font-size:14pt;\"><u>Agences de Mannequins \/ Soci\u00e9t\u00e9s<\/u> :<\/span><br>\n&nbsp;<br>\n<span style=\"font-size:13pt;\"><strong>ANAKENA MODELS AGENCY<\/strong> \u2013 <strong><a href=\"https:\/\/www.anakenamodelsagency.fr\/anakena-models\" target=\"_blank\" rel=\"noopener noreferrer\">www.anakenamodelsagency.fr<\/a><\/strong><\/span><br>\nH\u00e9l\u00e8ne Perrymond cr\u00e9e en 2000, ANAKENA MODELS AGENCY, l\u2019agence du Grand Sud. L\u2019agence repr\u00e9sente aujourd\u2019hui plus d\u2019un millier de mannequins : HOMMES \/ FEMMES \/ ENFANTS mais aussi COMEDIENS, SENIORS et CELEBRITES SPORTIVES. L\u2019agence accepte les candidatures d\u2019ados qui habitent \u00e0 moins de 60 kms des villes de Toulouse, Bordeaux, Biarritz, Montpellier, Toulon.<br>\n&nbsp;<br>\n<span style=\"font-size:13pt;\"><strong>APPARENCE<\/strong> \u2013 <strong><a href=\"http:\/\/www.apparence.fr\" target=\"_blank\" rel=\"noopener noreferrer\">www.apparence.fr<\/a><\/strong><\/span><br>\nL\u2019agence de mannequins est pr\u00e9sente en Aquitaine depuis 1995 et en Rh\u00f4ne Alpes depuis 2012. Elle a un bureau \u00e0 Bordeaux et un autre \u00e0 Lyon, afin de r\u00e9pondre aux demandes de castings, photos, tournages, pub, d\u00e9fil\u00e9s de mode, e-commerce, catalogues.<br>\n&nbsp;<br>\n<span style=\"font-size:13pt;\"><strong>ART ET MODE<\/strong> \u2013 <strong><a href=\"http:\/\/www.art-et-mode.com\" target=\"_blank\" rel=\"noopener noreferrer\">www.art-et-mode.com<\/a><\/strong><\/span><br>\nImplant\u00e9e sur Annecy, ainsi qu&#8217;\u00e0 Besan\u00e7on et Montpellier : ART ET MODE est une agence de mannequins pour femmes, hommes, juniors et enfants.<br>\n&nbsp;<br>\n<span style=\"font-size:13pt;\"><strong>BOUT\u2019CHOU<\/strong> \u2013 <strong><a href=\"http:\/\/www.boutchou.fr\" target=\"_blank\" rel=\"noopener noreferrer\">www.boutchou.fr<\/a><\/strong><\/span><br>\nCr\u00e9\u00e9e en 1993, BOUT\u2019CHOU est une agence de mannequins enfants et juniors.<br>\nElle n\u2019accepte que des personnes habitant Paris et sa r\u00e9gion.<br>\n&nbsp;<br>\n<span style=\"font-size:13pt;\"><strong>CUTE MODELS<\/strong> \u2013 <strong><a href=\"http:\/\/www.agencecute.com\/\" target=\"_blank\" rel=\"noopener noreferrer\">www.agencecute.com<\/a><\/strong><\/span><br>\nL\u2019Agence est situ\u00e9e \u00e0 Paris. Elle est sp\u00e9cialis\u00e9e en b\u00e9b\u00e9s, enfants, juniors et com\u00e9diens pour photos, films publicitaires (pub), mode et cin\u00e9ma.<br>\n&nbsp;<br>\n<span style=\"font-size:13pt;\"><strong>DES FILLES ET DES GAR\u00c7ONS<\/strong> \u2013 <strong><a href=\"http:\/\/www.desfillesetdesgarcons.fr\" target=\"_blank\" rel=\"noopener noreferrer\">www.desfillesetdesgarcons.fr<\/a><\/strong><\/span><br>\nL&#8217;agence de mannequins enfants est une agence cr\u00e9\u00e9e le 1er janvier 2012. Des Filles et des Gar\u00e7ons est le d\u00e9partement enfants de l\u2019agence de mannequins adultes Crystal et de l&#8217;agence de com\u00e9diens adultes Parall\u00e8le. L&#8217;agence recrute des candidats habitant Paris ou r\u00e9gion parisienne ; les castings et projets se passant essentiellement dans cette r\u00e9gion.<br>\n&nbsp;<br>\n<span style=\"font-size:13pt;\"><strong>ENJOY MODELS MANAGEMENT<\/strong> \u2013 <strong><a href=\"http:\/\/www.enjoy-models.net\" target=\"_blank\" rel=\"noopener noreferrer\">www.enjoy-models.net<\/a><\/strong><\/span><br>\nCette agence internationale a des bureaux \u00e0 Paris, Lyon, Marseille et Nice.<br>\nElle organise \u00e9galement un concours qui accepte \u00e0 partir de 14 ans et \u00e0 partir de 1m73. <br>\n&nbsp;<br>\n<span style=\"font-size:13pt;\"><strong>FRIMOUSSE<\/strong> \u2013 <strong><a href=\"http:\/\/www.agencefrimousse.com\" target=\"_blank\" rel=\"noopener noreferrer\">www.agencefrimousse.com<\/a><\/strong><\/span><br>\nCr\u00e9\u00e9e en 1982, et situ\u00e9e \u00e0 Paris, FRIMOUSSE est une agence de mannequins juniors-enfants.<br>\n&nbsp;<br>\n<span style=\"font-size:13pt;\"><strong>HOURRA MODELS<\/strong> \u2013 <strong><a href=\"http:\/\/www.hourra.net\" target=\"_blank\" rel=\"noopener noreferrer\">www.hourra.net<\/a><\/strong><\/span><br>\nCr\u00e9\u00e9e en 1989, l\u2019agence a des bureaux \u00e0 Paris, Lyon, Marseille et Nice, afin de satisfaire le plus grand monde.<br>\n&nbsp;<br>\n<span style=\"font-size:13pt;\"><strong>LES MOMES<\/strong> \u2013 <strong><a href=\"http:\/\/www.lesmomes.fr\" target=\"_blank\" rel=\"noopener noreferrer\">www.lesmomes.fr<\/a><\/strong><\/span><br>\nCr\u00e9\u00e9e en 2008, l&#8217;agence accepte des mineurs de 3 mois \u00e0 18 ans.<br>\nIl faut habiter exclusivement Paris et la r\u00e9gion parisienne.<br>\n&nbsp;<br>\n<span style=\"font-size:13pt;\"><strong>LILI M<\/strong> \u2013 <strong><a href=\"http:\/\/www.lilim.fr\" target=\"_blank\" rel=\"noopener noreferrer\">www.lilim.fr<\/a><\/strong><\/span><br>\nL&#8217;agence est \u00e9tablie \u00e0 Nantes depuis 2005. Elle propose des mannequins enfants et adultes : aux agences de publicit\u00e9, photographes publicitaires, annonceurs et soci\u00e9t\u00e9s de films publicitaires.<br>\n&nbsp;<br>\n<span style=\"font-size:13pt;\"><strong>PEOPLE<\/strong> \u2013 <strong><a href=\"https:\/\/www.people.fr\/\" target=\"_blank\" rel=\"noopener noreferrer\">www.people.fr<\/a><\/strong><\/span><br>\nL\u2019agence de mannequins People International a \u00e9t\u00e9 cr\u00e9\u00e9e en 1985. En 2005, l\u2019agence People international s\u2019associe \u00e0 l\u2019agence de com\u00e9diens Coccinelle. Les premi\u00e8res ann\u00e9es, l\u2019agence PEOPLE repr\u00e9sente les adultes du groupe et l\u2019agence COCCINELLE repr\u00e9sente les enfants. Dor\u00e9navant les deux d\u00e9partements sont r\u00e9unis sous le nom \u00ab Agence People \u00bb (hommes, femmes et enfants) et repr\u00e9sente pr\u00e8s de 3000 mannequins, sportifs et com\u00e9diens pour des s\u00e9ances photos et tournages vid\u00e9os, catalogues, d\u00e9fil\u00e9s, publicit\u00e9s.<br>\n&nbsp;<br>\n<span style=\"font-size:13pt;\"><strong>PERFECT MODEL<\/strong> \u2013 <strong><a href=\"http:\/\/www.perfectmodel.fr\" target=\"_blank\" rel=\"noopener noreferrer\">www.perfectmodel.fr<\/a><\/strong><\/span><br>\nL&#8217;agence est \u00e9tablie \u00e0 Lille depuis 1995.<br>\nPour postuler, il faut \u00eatre ag\u00e9e d\u2019au moins 14 ans et mesurer plus de 1m72.<br>\nIl faut imp\u00e9rativement r\u00e9sider dans le d\u00e9partement du 59 ou 62.<br>\n&nbsp;<br>\n<span style=\"font-size:13pt;\"><strong>RODEO KIDS<\/strong> \u2013 <strong><a href=\"http:\/\/www.rodeo-kids.com\" target=\"_blank\" rel=\"noopener noreferrer\">www.rodeo-kids.com<\/a><\/strong><\/span><br>\nFond\u00e9e en 2011, l\u2019agence RODEO obtient l\u2019agr\u00e9ment enfants pour ouvrir son d\u00e9partement d\u00e9di\u00e9 aux b\u00e9b\u00e9s de 3 mois jusqu&#8217;aux adolescents de 16 ans : RODEO Kids.<br>\nIl est imp\u00e9ratif d&#8217;habiter \u00e0 moins de 50km de l\u2019agence situ\u00e9e dans le 8\u00e8me arrondissement de Paris.<br>\n&nbsp;<br>\n<span style=\"font-size:13pt;\"><strong>TEEN<\/strong> \u2013 <strong><a href=\"http:\/\/www.teen.fr\" target=\"_blank\" rel=\"noopener noreferrer\">www.teen.fr<\/a><\/strong><\/span><br>\nTEEN est une agence de mannequins pour les enfants et ados, filles et gar\u00e7ons, \u00e2g\u00e9s de 3 mois \u00e0 18 ans. Cr\u00e9\u00e9e \u00e0 Paris en 2001, TEEN g\u00e8re plus de 1500 enfants et ados.<br>\n&nbsp;<br>\n<span style=\"font-size:13pt;\"><strong>TOTEM<\/strong> \u2013 <strong><a href=\"http:\/\/www.treebu.com\" target=\"_blank\" rel=\"noopener noreferrer\">www.treebu.com<\/a><\/strong><\/span><br>\nL\u2019agence est bas\u00e9e \u00e0 Cholet, et accepte les candidatures d\u2019enfants entre 3 mois et 16ans, des r\u00e9gions Bretagne, Pays de la Loire, Poitou-Charentes, et la Basse-Normandie. A partir de 17ans, toutes les r\u00e9gions sont accept\u00e9es.<br>\n&nbsp;<br>\n<span style=\"font-size:13pt;\"><strong>SINDY BOP<\/strong> \u2013 <strong><a href=\"http:\/\/www.sindy-bop.com\" target=\"_blank\" rel=\"noopener noreferrer\">www.sindy-bop.com<\/a><\/strong><\/span><br>\nCr\u00e9\u00e9e en 1987 par Corine PECOUT, l\u2019agence propose un large choix toujours croissant de mannequins adultes, enfants, s\u00e9niors, parisiens et provinciaux. L\u2019agence est bas\u00e9e \u00e0 Bordeaux.<br>\n&nbsp;<br>\n<span style=\"font-size:13pt;\"><strong>SUCCESS KIDS<\/strong> \u2013 <strong><a href=\"http:\/\/kids.successmodels.com\" target=\"_blank\" rel=\"noopener noreferrer\">kids.successmodels.com<\/a><\/strong><\/span><br>\nL\u2019agence Success fut d\u2019abord sp\u00e9cialis\u00e9e en mannequinat pour hommes. Ainsi na\u00eet Success Kids en 1989. L\u2019agence accueille des mannequins de 3 mois \u00e0 16 ans, habitant Paris ou la r\u00e9gion parisienne.<br>\n&nbsp;<br>\n\n\n\n<hr class=\"wp-block-separator\"\/>\n\n\n\n<span style=\"font-size:14pt;\"><u>Associations<\/u> :<br \/><\/span>\n&nbsp;<br \/>\n<span style=\"font-size:13pt;\"><strong>Angel Beaut\u00e9 France<\/strong> &#8211;  <strong><a href=\"https:\/\/www.comiteangelbeautefrance.com\" target=\"_blank\" rel=\"noopener noreferrer\">comiteangelbeautefrance.com<\/a><\/strong><br \/>\nCe comit\u00e9 existe depuis 2019 sous ce nom, et leurs concours de beaut\u00e9 sont  ouverts aux jeunes femmes de 17 \u00e0 23 ans, sans autres crit\u00e8res (tout est accept\u00e9!).<br \/>\n&nbsp;<br \/>\n<span style=\"font-size:13pt;\"><strong>Artistes et Mod\u00e8les en Seine<\/strong> &#8211; dans la Seine-Maritime (76). <strong><a href=\"https:\/\/www.facebook.com\/Artistes-et-Mod%C3%A8les-en-Seine-131770587342\/\" target=\"_blank\" rel=\"noopener noreferrer\">Page Facebook<\/a><\/strong><br \/>\nL&#8217;association organise des spectacles et des \u00e9v\u00e8nements. Elle fait du coaching d\u2019artistes et de mod\u00e8les.<br \/>\nLes ados (\u00e0 partir de 13ans et apr\u00e8s \u00e9valuation du degr\u00e9 de maturit\u00e9) peuvent participer \u00e0 des \u00e9v\u00e8nements.<br \/>\nL&#8217;association organise un concours sp\u00e9cifique pour les jeunes filles, qui s&#8217;appelle Miss Espoir de France.<br \/>\n&nbsp;<br \/>\n<span style=\"font-size:13pt;\"><strong>Les P&#8217;tites Normandes<\/strong> &#8211; <strong><a href=\"http:\/\/www.miss-petite-universe-france.com\" target=\"_blank\" rel=\"noopener noreferrer\">www.miss-petite-universe-france.com<\/a><\/strong><\/span><br \/>\nL&#8217;association a \u00e9t\u00e9 cr\u00e9\u00e9 en 2020. Elle organise les \u00e9lections de Miss Teen Petite Universe France et de Miss Petite Universe France.\nLes 2 concours sont ouverts aux jeunes femmes de moins de 1m70. Le concours de Miss Teen Petite Universe France est accessible pour les jeunes ag\u00e9es de 14 et 19 ans.<br \/>\n&nbsp;<br \/>\n<span style=\"font-size:13pt;\"><strong>Mademoiselle<\/strong> &#8211; Comit\u00e9 Mademoiselle France. <strong><a href=\"https:\/\/www.facebook.com\/mllefranceoff\" target=\"_blank\" rel=\"noopener noreferrer\">Page Facebook<\/a><\/strong><br \/>\nL&#8217;association Mademoiselle g\u00e8re depuis 2019 le comit\u00e9 Mademoiselle France qui propose un concours de beaut\u00e9 pour les jeunes de 16 \u00e0 21 ans souhaitant devenir les ambassadrices de l&#8217;\u00e9l\u00e9gance et de la f\u00e9minit\u00e9.\nDurant leur ann\u00e9e de r\u00e8gne, les titr\u00e9es ont l\u2019occasion de participer \u00e0 des manifestations culturelles, des d\u00e9fil\u00e9s et de faire de belles rencontres. Le comit\u00e9 Mademoiselle France est fond\u00e9 en 2008 par Alicia Mermet. Elle a repris le flambeau des concours de beaut\u00e9 pour mineures, apr\u00e8s l&#8217;arr\u00eat des \u00e9lections Miss Junior par le comit\u00e9 Miss France qui \u00e9t\u00e9 g\u00e9r\u00e9 par Mme de Fontenay. Alicia Mermet est d&#8217;ailleurs une ancienne Miss Junior. A l&#8217;origine, l&#8217;\u00e9lection de Mademoiselle France \u00e9tait ouverte uniquement aux filles \u00e2g\u00e9es de 15 \u00e0 17 ans.<br \/>\n&nbsp;<br \/>\n<span style=\"font-size:13pt;\"><strong>Miss Hippodrome France<\/strong> &#8211; en partenariat avec des hippodromes. <strong><a href=\"https:\/\/www.facebook.com\/misshippodromefrance\/\" target=\"_blank\" rel=\"noopener noreferrer\">Page Facebook<\/a><\/strong><br \/>\nCe concours de beaut\u00e9 est ouvert aux femmes de 17 \u00e0 28 ans sans crit\u00e8res de taille, non mari\u00e9es, non pacs\u00e9es, ni divorc\u00e9es et sans enfants. Les concours se d\u00e9roulent uniquement sur les hippodromes o\u00f9 chaque Miss est qualifi\u00e9e pour la finale Miss Hippodrome France.<br \/>\n&nbsp;<br \/>\n<span style=\"font-size:13pt;\"><strong>Miss Teenager<\/strong> &#8211; <strong><a href=\"http:\/\/www.miss-teenager.com\" target=\"_blank\" rel=\"noopener noreferrer\">www.miss-teenager.com<\/a><\/strong><\/span><br \/>\nL&#8217;association organise des concours de beaut\u00e9 et d\u2019\u00e9l\u00e9gance. Elle permet aux adolescentes de 13 \u00e0 17ans de se pr\u00e9senter et de concourir au titre final de Miss Teenager France. L&#8217;association met ainsi en place des \u00e9lections en r\u00e9gions afin de pr\u00e9parer l\u2019\u00e9lection nationale de Miss Teenager France.<br \/>\n&nbsp;<br \/>\n<span style=\"font-size:13pt;\"><strong>O&#8217;coeur de la Mode<\/strong> &#8211; Comit\u00e9 Miss 15\/17 National. <strong><a href=\"https:\/\/www.facebook.com\/miss1517national\/\" target=\"_blank\" rel=\"noopener noreferrer\">Page Facebook<\/a><\/strong><br \/>\nL&#8217;association permet depuis 2012 \u00e0 des adolescentes de 15 \u00e0 17ans (mesurant plus de 1m50) de se pr\u00e9senter \u00e0 des \u00e9lections locales et r\u00e9gionales, puis de concourir au titre final de Miss 15\/17 National. Cette association permet \u00e0 de jeunes filles de prendre confiance en elles ; et par la suite, elles peuvent concourir \u00e0 d&#8217;autres concours, par exemple pour devenir Miss France.<br \/>\n&nbsp;<br \/>\n<span style=\"font-size:13pt;\"><strong>Association New Face Mode<\/strong> &#8211; dans la r\u00e9gion Normandie &#8211; <strong><a href=\"http:\/\/www.newfacemode.fr\" target=\"_blank\" rel=\"noopener noreferrer\">www.newfacemode.fr<\/a><\/strong><\/span>\n<p>Son but est de d\u00e9nicher les nouveaux visages de demain gr\u00e2ce \u00e0 l&rsquo;aide d&rsquo;une \u00e9quipe formatrice, compos\u00e9e de divers coachs, pr\u00eat a encadrer les jeunes mannequins lors d&rsquo;ateliers. Ceci afin de leur permettre d&rsquo;acqu\u00e9rir l&rsquo;exp\u00e9rience n\u00e9cessaire pour \u00e9voluer lors de d\u00e9files de mode ou de shootings photo r\u00e9alis\u00e9s par les photographe les plus r\u00e9put\u00e9s professionnels de Normandie.<br \/>\n&nbsp;<br \/>\n\n<p><em>Dans cette liste, il n&#8217;est pas possible d&#8217;ajouter tous les comit\u00e9s affili\u00e9s \u00e0 d&#8217;autres associations. Par cons\u00e9quence, il faut voir ensuite aupr\u00e8s des associations list\u00e9es afin d\u2019avoir les informations au niveau des d\u00e9partements et des r\u00e9gions. Si un comit\u00e9 affili\u00e9 veut un partenariat avec AdoMode = Le comite est ajout\u00e9 dans la page <a href=\"http:\/\/adomode.net\/informations\/castings-et-elections-de-miss\/\"><strong>Castings et \u00c9lections de Miss<\/strong><\/a> et la page <a href=\"http:\/\/www.adomode.net\/informations\/partenaires\/\"><strong>Partenaires<\/strong><\/a>.<\/em><\/p>\n\n\n\n<hr class=\"wp-block-separator\"\/>\n\n\n\n&nbsp;<br>\nSi gr\u00e2ce \u00e0 AdoMode, vous avez par la suite une r\u00e9ussite : vous pouvez nous le faire savoir !<br>\nNous les avons aid\u00e9 : <strong><a href=\"http:\/\/www.adomode.net\/informations\/reussites\/mannequins\/\"><font color=\"#F79CD2\">Mannequins<\/font><\/a><\/strong> ou <strong><a href=\"http:\/\/www.adomode.net\/informations\/reussites\/ambassadrices\/\"><font color=\"#F79CD2\">Ambassadrices<\/font><\/a><\/strong>.<br>\n&nbsp;<br>\n&nbsp;<br>\n ","protected":false},"excerpt":{"rendered":"<p>Sur cette page, nous pr\u00e9sentons des agences de mannequins et des associations qui peuvent g\u00e9rer des ados. &nbsp; &nbsp; Avant propos : Si vous contactez une agence de mannequins qui n&#8217;est pas mentionn\u00e9e sur cette page, v\u00e9rifiez bien que l&#8217;agence dispose de toutes les autorisations indispensables \u00e0 l&#8217;exercice de l&#8217;activit\u00e9, \u00e0 savoir la Licence et &hellip; <\/p>\n","protected":false},"author":1,"featured_media":0,"parent":0,"menu_order":0,"comment_status":"closed","ping_status":"closed","template":"","meta":[],"_links":{"self":[{"href":"http:\/\/adomode.net\/informations\/wp-json\/wp\/v2\/pages\/25"}],"collection":[{"href":"http:\/\/adomode.net\/informations\/wp-json\/wp\/v2\/pages"}],"about":[{"href":"http:\/\/adomode.net\/informations\/wp-json\/wp\/v2\/types\/page"}],"author":[{"embeddable":true,"href":"http:\/\/adomode.net\/informations\/wp-json\/wp\/v2\/users\/1"}],"replies":[{"embeddable":true,"href":"http:\/\/adomode.net\/informations\/wp-json\/wp\/v2\/comments?post=25"}],"version-history":[{"count":102,"href":"http:\/\/adomode.net\/informations\/wp-json\/wp\/v2\/pages\/25\/revisions"}],"predecessor-version":[{"id":947,"href":"http:\/\/adomode.net\/informations\/wp-json\/wp\/v2\/pages\/25\/revisions\/947"}],"wp:attachment":[{"href":"http:\/\/adomode.net\/informations\/wp-json\/wp\/v2\/media?parent=25"}],"curies":[{"name":"wp","href":"https:\/\/api.w.org\/{rel}","templated":true}]}}