{"id":27,"date":"2020-11-10T23:19:55","date_gmt":"2020-11-10T22:19:55","guid":{"rendered":"http:\/\/adomode.net\/informations\/?page_id=27"},"modified":"2020-12-03T01:22:55","modified_gmt":"2020-12-03T00:22:55","slug":"temoignages","status":"publish","type":"page","link":"http:\/\/adomode.net\/informations\/temoignages\/","title":{"rendered":"T\u00e9moignages"},"content":{"rendered":"\n<p><span style=\"font-size:12pt;\">Sur cette page, quelques t\u00e9moignages de personnes qui soutiennent AdoMode.<\/span><br \/>\n&nbsp;<br \/>\n&nbsp;<br \/>\n&nbsp;<br \/>\n<strong><span style=\"font-size:14pt;\">T\u00e9moignage de M\u00e9lody Oudoux :<\/span><\/strong><br \/>\n<strong><font color=\"#F79CD2\"><span style=\"font-size:12pt;\"><b><em>&laquo;&nbsp;Contente de pouvoir partager des exp\u00e9riences. Ce site est une bonne id\u00e9e, il permet \u00e0 celles qui veulent tenter leur chance dans les \u00e9lections, shootings ou d\u00e9fil\u00e9s : de d\u00e9couvrir et de discuter avec d&rsquo;autres l&rsquo;ayant v\u00e9\u00e7u ou voulant aussi commencer. Il permet d&rsquo;avoir les premiers conseils, les choses auxquelles il faut penser en commen\u00e7ant et surtout de savoir frapper aux bonnes portes et ne pas se faire embobiner. Je souhaite le meilleur pour la suite de ce site !&nbsp;&raquo;<\/em>.<\/em><\/b><\/span><\/font><br \/>\n<i>M\u00e9lody nous partage son exp\u00e9rience lors d&rsquo;une interview : <a href=\"http:\/\/www.adomode.net\/informations\/interview-de-melody-oudoux\/\" target=\"_blank\" rel=\"noopener noreferrer\">Lien de son interview<\/a>.<\/i><\/strong><br \/>\n&nbsp;<br \/>\n&nbsp;<br \/>\n&nbsp;<br \/>\n<strong><span style=\"font-size:14pt;\">T\u00e9moignage de Fanny Haas :<\/span><\/strong><br \/>\n<strong><font color=\"#F79CD2\"><span style=\"font-size:12pt;\"><b><em>&laquo;&nbsp;Ce site est une superbe id\u00e9e ! Cela permet aux jeunes filles mineures de trouver toutes les astuces pour se lancer dans le monde de la mode. Elections de Miss, D\u00e9fil\u00e9s de Mode, Shooting photos : Tout est expliqu\u00e9 dans ce site gr\u00e2ce \u00e0 des t\u00e9moignages de jeunes filles pass\u00e9es par l\u00e0. Nous ne savons pas trop o\u00f9 chercher sur le net, nous ne savons si tout ce qu&rsquo;on lit est vrai : ce site est totalement fiable et vous offre des annonces pour toute la France, Que dire de mieux ? Bonne visite, et surtout Osez, tentez !!&nbsp;&raquo;<\/em>.<\/em><\/b><\/span><\/font><br \/>\n<i>Fanny nous partage son exp\u00e9rience lors d&rsquo;une interview : <a href=\"http:\/\/www.adomode.net\/informations\/interview-de-fanny-haas-sur-son-parcours-de-16-a-20-ans\/\" target=\"_blank\" rel=\"noopener noreferrer\">Lien de son interview<\/a>.<\/i><\/strong><br \/>\n&nbsp;<br \/>\n&nbsp;<br \/>\n&nbsp;<br \/>\n<strong><span style=\"font-size:14pt;\">T\u00e9moignage de Laura Lallo :<\/span><\/strong><br \/>\n<strong><font color=\"#F79CD2\"><span style=\"font-size:12pt;\"><b><em>&laquo;&nbsp;Le site AdoMode.net est tr\u00e8s int\u00e9ressant pour les jeunes filles qui aiment la mode, le mannequinat et les \u00e9lections. Les conseils avis\u00e9s leur permettent de progresser sainement dans ces domaines en \u00e9vitant certaines fois des d\u00e9tours et des probl\u00e8mes rencontr\u00e9s dans ce genre d&rsquo;activit\u00e9. Mais au dela de tout ceci, c&rsquo;est un site qui laisse la parole aux ados, et s&rsquo;exprimer est primordial. J&rsquo;ai ador\u00e9 participer \u00e0 une interview, et si mes commentaires ont pu servir \u00e0 d&rsquo;autres, j&rsquo;en suis ravie. Bisous \u00e0 tous !!&nbsp;&raquo;<\/em>.<\/em><\/b><\/span><\/font><br \/>\n<i>Laura nous partage son exp\u00e9rience lors d&rsquo;une interview : <a href=\"http:\/\/www.adomode.net\/informations\/interview-de-laura-lallo-deja-plusieurs-succes-a-seulement-15-ans-et-demi\/\" target=\"_blank\" rel=\"noopener noreferrer\">Lien de son interview<\/a>.<\/i><\/strong><br \/>\n&nbsp;<br \/>\n&nbsp;<br \/>\n&nbsp;<br \/>\n<span style=\"font-size:12pt;\">Si vous avez un t\u00e9moignage \u00e0 dire, merci de prendre contact.<\/span><br \/>\n<p><\/strong><\/span><br \/>\n&nbsp;<\/p>\n ","protected":false},"excerpt":{"rendered":"<p>Sur cette page, quelques t\u00e9moignages de personnes qui soutiennent AdoMode. &nbsp; &nbsp; &nbsp; T\u00e9moignage de M\u00e9lody Oudoux : &laquo;&nbsp;Contente de pouvoir partager des exp\u00e9riences. Ce site est une bonne id\u00e9e, il permet \u00e0 celles qui veulent tenter leur chance dans les \u00e9lections, shootings ou d\u00e9fil\u00e9s : de d\u00e9couvrir et de discuter avec d&rsquo;autres l&rsquo;ayant v\u00e9\u00e7u &hellip; <\/p>\n","protected":false},"author":1,"featured_media":0,"parent":0,"menu_order":0,"comment_status":"closed","ping_status":"closed","template":"","meta":[],"_links":{"self":[{"href":"http:\/\/adomode.net\/informations\/wp-json\/wp\/v2\/pages\/27"}],"collection":[{"href":"http:\/\/adomode.net\/informations\/wp-json\/wp\/v2\/pages"}],"about":[{"href":"http:\/\/adomode.net\/informations\/wp-json\/wp\/v2\/types\/page"}],"author":[{"embeddable":true,"href":"http:\/\/adomode.net\/informations\/wp-json\/wp\/v2\/users\/1"}],"replies":[{"embeddable":true,"href":"http:\/\/adomode.net\/informations\/wp-json\/wp\/v2\/comments?post=27"}],"version-history":[{"count":16,"href":"http:\/\/adomode.net\/informations\/wp-json\/wp\/v2\/pages\/27\/revisions"}],"predecessor-version":[{"id":954,"href":"http:\/\/adomode.net\/informations\/wp-json\/wp\/v2\/pages\/27\/revisions\/954"}],"wp:attachment":[{"href":"http:\/\/adomode.net\/informations\/wp-json\/wp\/v2\/media?parent=27"}],"curies":[{"name":"wp","href":"https:\/\/api.w.org\/{rel}","templated":true}]}}