{"id":286,"date":"2020-11-23T01:49:40","date_gmt":"2020-11-23T00:49:40","guid":{"rendered":"http:\/\/adomode.net\/informations\/?page_id=286"},"modified":"2020-12-03T04:27:01","modified_gmt":"2020-12-03T03:27:01","slug":"seances-photos","status":"publish","type":"page","link":"http:\/\/adomode.net\/informations\/seances-photos\/","title":{"rendered":"S\u00e9ances Photos"},"content":{"rendered":"<p>Dans cette partie, il vous est pr\u00e9sent\u00e9 des s\u00e9ances photos r\u00e9alis\u00e9es aupr\u00e8s de Miss et de mannequins \u00e2g\u00e9es de moins de 18 ans.<\/p>\n<p>La s\u00e9ance photo peut s&#8217;accompagner d&#8217;une interview qui est ensuite pr\u00e9sente dans le site internet.<\/p>\n<p>Durant l&#8217;ann\u00e9e, AdoMode propose des <strong><a href=\"http:\/\/www.adomode.net\/informations\/shooting-gratuits\/\"><span style=\"color: #f79cd2;\">s\u00e9ances photos gratuites<\/span><\/a><\/strong>.<\/p>\n\n\n<p><\/p>\n\n\n\n<hr class=\"wp-block-separator\"\/>\n\n\n<p><\/p>\n<p style=\"text-align: center;\">Il n&#8217; y a pas de s\u00e9ances photos pr\u00e9sent\u00e9es pour le moment !<\/p>\n<p><\/p>\n\n\n<hr class=\"wp-block-separator\"\/>\n\n\n<p><em>Si vous \u00eates photographe et souhaitez voir vos images partag\u00e9es aupr\u00e8s de AdoMode : <a href=\"http:\/\/www.adomode.net\/informations\/contacts\/\"><strong>Merci de nous contacter !<\/strong><\/a><\/em><\/p>\n\n\n&nbsp;<br>\n ","protected":false},"excerpt":{"rendered":"<p>Dans cette partie, il vous est pr\u00e9sent\u00e9 des s\u00e9ances photos r\u00e9alis\u00e9es aupr\u00e8s de Miss et de mannequins \u00e2g\u00e9es de moins de 18 ans. La s\u00e9ance photo peut s&#8217;accompagner d&#8217;une interview qui est ensuite pr\u00e9sente dans le site internet. Durant l&#8217;ann\u00e9e, AdoMode propose des s\u00e9ances photos gratuites. Il n&#8217; y a pas de s\u00e9ances photos pr\u00e9sent\u00e9es &hellip; <\/p>\n","protected":false},"author":1,"featured_media":0,"parent":0,"menu_order":0,"comment_status":"closed","ping_status":"closed","template":"","meta":[],"_links":{"self":[{"href":"http:\/\/adomode.net\/informations\/wp-json\/wp\/v2\/pages\/286"}],"collection":[{"href":"http:\/\/adomode.net\/informations\/wp-json\/wp\/v2\/pages"}],"about":[{"href":"http:\/\/adomode.net\/informations\/wp-json\/wp\/v2\/types\/page"}],"author":[{"embeddable":true,"href":"http:\/\/adomode.net\/informations\/wp-json\/wp\/v2\/users\/1"}],"replies":[{"embeddable":true,"href":"http:\/\/adomode.net\/informations\/wp-json\/wp\/v2\/comments?post=286"}],"version-history":[{"count":15,"href":"http:\/\/adomode.net\/informations\/wp-json\/wp\/v2\/pages\/286\/revisions"}],"predecessor-version":[{"id":1015,"href":"http:\/\/adomode.net\/informations\/wp-json\/wp\/v2\/pages\/286\/revisions\/1015"}],"wp:attachment":[{"href":"http:\/\/adomode.net\/informations\/wp-json\/wp\/v2\/media?parent=286"}],"curies":[{"name":"wp","href":"https:\/\/api.w.org\/{rel}","templated":true}]}}