{"id":67,"date":"2020-11-11T01:51:22","date_gmt":"2020-11-11T00:51:22","guid":{"rendered":"http:\/\/adomode.net\/informations\/?page_id=67"},"modified":"2022-08-20T04:17:27","modified_gmt":"2022-08-20T02:17:27","slug":"top-ado-france","status":"publish","type":"page","link":"http:\/\/adomode.net\/informations\/top-ado-france\/","title":{"rendered":"TOP ADO FRANCE"},"content":{"rendered":"<p>AdoMode proposait plusieurs concours photos (Top Ados) durant l\u2019ann\u00e9e,<br>avec une finale en fin d\u2019ann\u00e9e afin de d\u00e9signer la TOP ADO FRANCE.<\/p>\n<p>En 2022, nous relan\u00e7ons un concours Top Ado France avec directement une finale nationale.<br>Nous s\u00e9lectionnons des candidates pour le concours, et elles ont ensuite des missons photos \u00e0 r\u00e9aliser.<\/p>\n<p><strong>En savoir plus :&nbsp;<\/strong><a href=\"http:\/\/www.adomode.net\/concours-top-ado-france\/\" target=\"_blank\" rel=\"noopener noreferrer\"><strong>www.adomode.net\/concours-top-ado-france<\/strong><\/a><\/p>\n\n\n<p><span style=\"font-size:12pt;\">\n&nbsp;<br \/>\n&nbsp;<br \/>\n<ul>\n<li><font color=\"#F79CD2\">Nolwenn R., 17ans, 1m67, gagnante du concours Top Ado France 2017.<\/font><\/li>\n&nbsp;<br \/>\n&nbsp;<br \/>\n<li><font color=\"#F79CD2\">Caroline L., 17 ans, 1m76, gagnante du concours Top Ado France 2016.<\/font><\/li>\n&nbsp;<br \/>\n&nbsp;<br \/>\n<li><font color=\"#F79CD2\">Lucie A., 17ans, 1m72, gagnante du concours Top Ado France 2015.<\/font><\/li>\n&nbsp;<br \/>\n<img src=\"http:\/\/www.adomode.net\/wp-content\/uploads\/2016\/01\/lucie-top-ado-france-2015.jpg\" alt=\"\" class=\"aligncenter\" \/>\n&nbsp;<br \/>\n<li><font color=\"#000\"><i><span style=\"font-size:11pt;\">Camille B., 1m76, gagnante du 10\u00e8me Concours Top Ados.<\/span><\/i><\/font><\/li>\n<li><font color=\"#000\"><i><span style=\"font-size:11pt;\">Katia D., 1m60, gagnante du 9\u00e8me Concours Top Ados.<\/span><\/i><\/font><\/li>\n<li><font color=\"#000\"><i><span style=\"font-size:11.5pt;\">Ana\u00efs A., 1m75, gagnante du 8\u00e8me Concours Top Ados.<\/span><\/i><\/font><\/li>\n&nbsp;<br \/>\n<li><font color=\"#F79CD2\">In\u00e8s C., 17 ans, 1m77, gagnante du concours Top Ado France 2014.<\/font><\/li>\n&nbsp;<br \/>\n<img loading=\"lazy\" src=\"http:\/\/www.adomode.net\/wp-content\/uploads\/2014\/12\/ines021.jpg\" alt=\"\" width=\"608\" height=\"310\" class=\"aligncenter size-full wp-image-4259\" \/>\n&nbsp;<br \/>\n<li><font color=\"#000\"><i><span style=\"font-size:11.5pt;\">Madison M., 1m58, gagnante du 7\u00e8me Concours Top Ados.<\/span><\/i><\/font><\/li>\n<li><font color=\"#000\"><i><span style=\"font-size:11.5pt;\">Elsa C., 1m73, gagnante du 6\u00e8me Concours Top Ados.<\/span><\/i><\/font><\/li>\n<li><font color=\"#000\"><i><span style=\"font-size:11.5pt;\">Lucie D., gagnante du 5\u00e8me Concours Top Ados.<\/span><\/i><\/font><\/li>\n&nbsp;<br \/>\n<li><font color=\"#F79CD2\">Alice M., 17ans, 1m68, gagnante du concours Top Ado France 2013.<\/font><\/li>\n&nbsp;<br \/>\n<img src=\"http:\/\/www.adomode.net\/wp-content\/uploads\/2013\/12\/ALICEmontage3photos.jpg\" alt=\"\" class=\"aligncenter size-full wp-image-3544\" \/>\n&nbsp;<br \/>\n<li><font color=\"#000\"><i><span style=\"font-size:11.5pt;\">Viviane D., 1m65, gagnante du 4\u00e8me Concours Top Ados.<\/span><\/i><\/font><\/li>\n<li><font color=\"#000\"><i><span style=\"font-size:11.5pt;\">\u00c9lise L., 1m72, gagnante du 3\u00e8me Concours Top Ados.<\/span><\/i><\/font><\/li>\n<li><font color=\"#000\"><i><span style=\"font-size:11.5pt;\">M\u00e9lissa M., 1m56, gagnante du 2\u00e8me Concours Top Ados.<\/span><\/i><\/font><\/li>\n&nbsp;<br \/>\n<li><font color=\"#F79CD2\">Maryanne D., 15ans, 1m72, gagnante du concours Top Ado 14\/15 France 2013.<\/font><\/li>\n&nbsp;<br \/>\n<li><font color=\"#000\"><i><span style=\"font-size:11.5pt;\">Oph\u00e9lie A., 1m72, gagnante du 1er Concours Top Ados.<\/span><\/i><\/font><\/li>\n&nbsp;<br \/>\n<\/ul>\n<\/span><\/p>\n&nbsp;<br \/>\n<p><span style=\"font-size:12pt;\">AdoMode a eu l&#8217;id\u00e9e d&#8217;un concours pour aider des filles \u00e0 se faire connaitre aupr\u00e8s de nos partenaires et des visiteurs du site.<br \/>\n&nbsp;<br \/>\nIl ne s&rsquo;agit en aucun cas d&rsquo;un concours qui fait concurrence aupr\u00e8s des concours du type \u00e9lection de Miss, \u00e9tant donn\u00e9 que notre concours juge uniquement \u00e0 partir de photos.<\/span><\/p>\n<p>&nbsp;<\/p>\n ","protected":false},"excerpt":{"rendered":"<p>AdoMode proposait plusieurs concours photos (Top Ados) durant l\u2019ann\u00e9e,avec une finale en fin d\u2019ann\u00e9e afin de d\u00e9signer la TOP ADO FRANCE. En 2022, nous relan\u00e7ons un concours Top Ado France avec directement une finale nationale.Nous s\u00e9lectionnons des candidates pour le concours, et elles ont ensuite des missons photos \u00e0 r\u00e9aliser. En savoir plus :&nbsp;www.adomode.net\/concours-top-ado-france &nbsp; &hellip; <\/p>\n","protected":false},"author":1,"featured_media":0,"parent":0,"menu_order":0,"comment_status":"closed","ping_status":"closed","template":"","meta":[],"_links":{"self":[{"href":"http:\/\/adomode.net\/informations\/wp-json\/wp\/v2\/pages\/67"}],"collection":[{"href":"http:\/\/adomode.net\/informations\/wp-json\/wp\/v2\/pages"}],"about":[{"href":"http:\/\/adomode.net\/informations\/wp-json\/wp\/v2\/types\/page"}],"author":[{"embeddable":true,"href":"http:\/\/adomode.net\/informations\/wp-json\/wp\/v2\/users\/1"}],"replies":[{"embeddable":true,"href":"http:\/\/adomode.net\/informations\/wp-json\/wp\/v2\/comments?post=67"}],"version-history":[{"count":55,"href":"http:\/\/adomode.net\/informations\/wp-json\/wp\/v2\/pages\/67\/revisions"}],"predecessor-version":[{"id":1087,"href":"http:\/\/adomode.net\/informations\/wp-json\/wp\/v2\/pages\/67\/revisions\/1087"}],"wp:attachment":[{"href":"http:\/\/adomode.net\/informations\/wp-json\/wp\/v2\/media?parent=67"}],"curies":[{"name":"wp","href":"https:\/\/api.w.org\/{rel}","templated":true}]}}