{"id":71,"date":"2020-11-11T01:58:40","date_gmt":"2020-11-11T00:58:40","guid":{"rendered":"http:\/\/adomode.net\/informations\/?page_id=71"},"modified":"2020-12-02T02:41:51","modified_gmt":"2020-12-02T01:41:51","slug":"photographes","status":"publish","type":"page","link":"http:\/\/adomode.net\/informations\/photographes\/","title":{"rendered":"Photographes"},"content":{"rendered":"\n<span style=\"font-size:12pt;\">Pour vous r\u00e9aliser des photos, nous vous conseillons des photographes !<br \/>\n&nbsp;<br \/>\n&nbsp;<br \/>\n<p align=\"center\">AdoMode est partenaire de ce site internet :<br \/>\n<a href=\"http:\/\/www.photographes-france.com\" target=\"_blank\" rel=\"noopener noreferrer\"><img src=\"http:\/\/www.photographes-france.com\/ban468bis.gif\"\nalt=\"Photographes-france.com\" border=\"0\" \/><\/a><\/p>\n&nbsp;<br \/>\n&nbsp;<br \/>\nEn parcourant ci-dessous la carte de France, vous pouvez y d\u00e9couvrir des photographes que nous connaissons et qui ont notre confiance.<br \/>\n&nbsp;<br \/>\nN&rsquo;h\u00e9sitez pas \u00e0 contacter l&rsquo;un d&rsquo;eux, m\u00eame si indiqu\u00e9 \u00e0 plus de 100 kms car le d\u00e9placement est sans doute possible.<br \/>\n&nbsp;<br \/>\n<i>Dans la carte, quand vous voyez l\u2019ic\u00f4ne sous la forme d&#8217;une goute : cela veut dire qu&#8217;il y a plusieurs photographes dans la m\u00eame ville. Zoomez plus !<\/i><br \/>\n&nbsp;<br \/>\nIl est possible d&rsquo;organiser des Rencontres AdoMode avec la pr\u00e9sence de plusieurs photographes.<\/span><\/strong><\/p>\n\n<p><iframe width=\"100%\" height=\"600px\" frameBorder=\"0\" src=\"http:\/\/umap.openstreetmap.fr\/fr\/map\/photographes-partenaires-adomode_530378?scaleControl=false&#038;miniMap=true&#038;scrollWheelZoom=true&#038;zoomControl=true&#038;allowEdit=false&#038;moreControl=false&#038;datalayersControl=false&#038;onLoadPanel=undefined\"><\/iframe><\/p>\n<p><strong><span style=\"font-size:10pt;\"><i>Bleu = Photographes masculins. Rose = Photographes f\u00e9minins.<\/i><\/span><\/strong><\/p>\n<p>&nbsp;<br \/>\n&nbsp;<\/p>\n<p>\n<ul>\nKRISTOF&rsquo;, photographe disponible dans plusieurs r\u00e9gions de France.<br \/>\n<a href=\"http:\/\/www.shooting-by-kristof.com\/ados\" target=\"_blank\" rel=\"noopener noreferrer\">Shooting-by-kristof.com\/ados<\/a>\n<\/ul>\n&nbsp;<br \/>\n<ul>\nErik Photography, photographe disponible dans le 01 et le 71.<br \/>\n<a href=\"https:\/\/www.erik-photography.fr\" target=\"_blank\" rel=\"noopener noreferrer\">www.erik-photography.fr<\/a>\n<\/ul>\n<p>&nbsp;<\/p>\n<p><span style=\"font-size:12pt;\"><em>Si vous \u00eates photographe et souhaitez \u00eatre partenaire : <a href=\"http:\/\/www.adomode.net\/informations\/contacts\/\"><strong>Merci de nous contact !<\/strong><\/a><\/em><\/span><\/span><\/p>\n<p>&nbsp;<\/p>\n\n\n\n<p><\/p>\n ","protected":false},"excerpt":{"rendered":"<p>Pour vous r\u00e9aliser des photos, nous vous conseillons des photographes ! &nbsp; &nbsp; AdoMode est partenaire de ce site internet : &nbsp; &nbsp; En parcourant ci-dessous la carte de France, vous pouvez y d\u00e9couvrir des photographes que nous connaissons et qui ont notre confiance. &nbsp; N&rsquo;h\u00e9sitez pas \u00e0 contacter l&rsquo;un d&rsquo;eux, m\u00eame si indiqu\u00e9 \u00e0 &hellip; <\/p>\n","protected":false},"author":1,"featured_media":0,"parent":0,"menu_order":0,"comment_status":"closed","ping_status":"closed","template":"","meta":[],"_links":{"self":[{"href":"http:\/\/adomode.net\/informations\/wp-json\/wp\/v2\/pages\/71"}],"collection":[{"href":"http:\/\/adomode.net\/informations\/wp-json\/wp\/v2\/pages"}],"about":[{"href":"http:\/\/adomode.net\/informations\/wp-json\/wp\/v2\/types\/page"}],"author":[{"embeddable":true,"href":"http:\/\/adomode.net\/informations\/wp-json\/wp\/v2\/users\/1"}],"replies":[{"embeddable":true,"href":"http:\/\/adomode.net\/informations\/wp-json\/wp\/v2\/comments?post=71"}],"version-history":[{"count":28,"href":"http:\/\/adomode.net\/informations\/wp-json\/wp\/v2\/pages\/71\/revisions"}],"predecessor-version":[{"id":865,"href":"http:\/\/adomode.net\/informations\/wp-json\/wp\/v2\/pages\/71\/revisions\/865"}],"wp:attachment":[{"href":"http:\/\/adomode.net\/informations\/wp-json\/wp\/v2\/media?parent=71"}],"curies":[{"name":"wp","href":"https:\/\/api.w.org\/{rel}","templated":true}]}}