{"id":73,"date":"2020-11-11T02:03:34","date_gmt":"2020-11-11T01:03:34","guid":{"rendered":"http:\/\/adomode.net\/informations\/?page_id=73"},"modified":"2020-12-03T04:34:19","modified_gmt":"2020-12-03T03:34:19","slug":"contacts","status":"publish","type":"page","link":"http:\/\/adomode.net\/informations\/contacts\/","title":{"rendered":"Contacts"},"content":{"rendered":"\n<p><span style=\"font-size:12pt;\"><u>INFORMATIONS IMPORTANTES<\/u> :<br> 1\/ Ne pas prendre contact avec AdoMode.net, concernant des ados de moins de 14 ans, mais il est possible de contacter nos <a href=\"http:\/\/www.adomode.net\/informations\/photographes\/\"><font color=\"#F79CD2\">photographes partenaires<\/font><\/a>.<br> 2\/ Nous ne sommes pas en mesure d\u2019aider des ados masculins car il est tr\u00e8s tr\u00e8s compliqu\u00e9 d\u2019apporter une aide s\u00e9rieuse. La seule solution est de contacter les agences, d\u00e8s fois que l\u2019une d\u2019elles soit int\u00e9ress\u00e9e.<br> &nbsp;<br> &nbsp;<br> &nbsp;<br> Si le message concerne une ado entre 14 et 17 ans,<br> ou bien qu\u2019il s\u2019agit d\u2019un sujet qui peut nous int\u00e9resser,<br> vous pouvez  prendre contact via ce formulaire : <\/span><\/p>\n\n\n\n<hr class=\"wp-block-separator\"\/>\n\n\n<div class=\"wpforms-container wpforms-container-full\" id=\"wpforms-80\"><form id=\"wpforms-form-80\" class=\"wpforms-validate wpforms-form\" data-formid=\"80\" method=\"post\" enctype=\"multipart\/form-data\" action=\"\/informations\/wp-json\/wp\/v2\/pages\/73\" data-token=\"9fb1145e73552b5fcd336643587e26f5\"><noscript class=\"wpforms-error-noscript\">Veuillez activer JavaScript dans votre navigateur pour remplir ce formulaire.<\/noscript><div class=\"wpforms-field-container\"><div id=\"wpforms-80-field_0-container\" class=\"wpforms-field wpforms-field-name\" data-field-id=\"0\"><label class=\"wpforms-field-label\" for=\"wpforms-80-field_0\">Votre Identit\u00e9 <span class=\"wpforms-required-label\">*<\/span><\/label><div class=\"wpforms-field-row wpforms-field-medium\"><div class=\"wpforms-field-row-block wpforms-first wpforms-one-half\"><input type=\"text\" id=\"wpforms-80-field_0\" class=\"wpforms-field-name-first wpforms-field-required\" name=\"wpforms[fields][0][first]\" required><label for=\"wpforms-80-field_0\" class=\"wpforms-field-sublabel after \">Pr\u00e9nom<\/label><\/div><div class=\"wpforms-field-row-block wpforms-one-half\"><input type=\"text\" id=\"wpforms-80-field_0-last\" class=\"wpforms-field-name-last wpforms-field-required\" name=\"wpforms[fields][0][last]\" required><label for=\"wpforms-80-field_0-last\" class=\"wpforms-field-sublabel after \">Nom<\/label><\/div><\/div><\/div><div id=\"wpforms-80-field_1-container\" class=\"wpforms-field wpforms-field-email\" data-field-id=\"1\"><label class=\"wpforms-field-label\" for=\"wpforms-80-field_1\">Votre E-mail <span class=\"wpforms-required-label\">*<\/span><\/label><input type=\"email\" id=\"wpforms-80-field_1\" class=\"wpforms-field-medium wpforms-field-required\" name=\"wpforms[fields][1]\" required><\/div><div id=\"wpforms-80-field_3-container\" class=\"wpforms-field wpforms-field-text\" data-field-id=\"3\"><label class=\"wpforms-field-label\" for=\"wpforms-80-field_3\">Votre Sujet <span class=\"wpforms-required-label\">*<\/span><\/label><input type=\"text\" id=\"wpforms-80-field_3\" class=\"wpforms-field-medium wpforms-field-required\" name=\"wpforms[fields][3]\" required><\/div><div id=\"wpforms-80-field_2-container\" class=\"wpforms-field wpforms-field-textarea\" data-field-id=\"2\"><label class=\"wpforms-field-label\" for=\"wpforms-80-field_2\">Votre Message <span class=\"wpforms-required-label\">*<\/span><\/label><textarea id=\"wpforms-80-field_2\" class=\"wpforms-field-medium wpforms-field-required\" name=\"wpforms[fields][2]\" required><\/textarea><\/div><\/div><div class=\"wpforms-recaptcha-container wpforms-is-hcaptcha\"><div class=\"g-recaptcha\" data-sitekey=\"ea8cf5dd-3f6f-44d7-921e-4943f488e56d\"><\/div><input type=\"text\" name=\"g-recaptcha-hidden\" class=\"wpforms-recaptcha-hidden\" style=\"position:absolute!important;clip:rect(0,0,0,0)!important;height:1px!important;width:1px!important;border:0!important;overflow:hidden!important;padding:0!important;margin:0!important;\" required><\/div><div class=\"wpforms-submit-container\"><input type=\"hidden\" name=\"wpforms[id]\" value=\"80\"><input type=\"hidden\" name=\"wpforms[author]\" value=\"1\"><button type=\"submit\" name=\"wpforms[submit]\" id=\"wpforms-submit-80\" class=\"wpforms-submit\" data-alt-text=\"Envoi...\" data-submit-text=\"Envoyer\" aria-live=\"assertive\" value=\"wpforms-submit\">Envoyer<\/button><\/div><\/form><\/div>  <!-- .wpforms-container -->\n\n\n\n<hr class=\"wp-block-separator\"\/>\n\n\n\n&nbsp;<br>\n ","protected":false},"excerpt":{"rendered":"<p>INFORMATIONS IMPORTANTES : 1\/ Ne pas prendre contact avec AdoMode.net, concernant des ados de moins de 14 ans, mais il est possible de contacter nos photographes partenaires. 2\/ Nous ne sommes pas en mesure d\u2019aider des ados masculins car il est tr\u00e8s tr\u00e8s compliqu\u00e9 d\u2019apporter une aide s\u00e9rieuse. La seule solution est de contacter les &hellip; <\/p>\n","protected":false},"author":1,"featured_media":0,"parent":0,"menu_order":0,"comment_status":"closed","ping_status":"closed","template":"","meta":[],"_links":{"self":[{"href":"http:\/\/adomode.net\/informations\/wp-json\/wp\/v2\/pages\/73"}],"collection":[{"href":"http:\/\/adomode.net\/informations\/wp-json\/wp\/v2\/pages"}],"about":[{"href":"http:\/\/adomode.net\/informations\/wp-json\/wp\/v2\/types\/page"}],"author":[{"embeddable":true,"href":"http:\/\/adomode.net\/informations\/wp-json\/wp\/v2\/users\/1"}],"replies":[{"embeddable":true,"href":"http:\/\/adomode.net\/informations\/wp-json\/wp\/v2\/comments?post=73"}],"version-history":[{"count":20,"href":"http:\/\/adomode.net\/informations\/wp-json\/wp\/v2\/pages\/73\/revisions"}],"predecessor-version":[{"id":1020,"href":"http:\/\/adomode.net\/informations\/wp-json\/wp\/v2\/pages\/73\/revisions\/1020"}],"wp:attachment":[{"href":"http:\/\/adomode.net\/informations\/wp-json\/wp\/v2\/media?parent=73"}],"curies":[{"name":"wp","href":"https:\/\/api.w.org\/{rel}","templated":true}]}}